{"id":7910,"date":"2023-04-03T13:04:41","date_gmt":"2023-04-03T11:04:41","guid":{"rendered":"https:\/\/idea.abacus.coop\/politica-de-cookies\/"},"modified":"2024-10-28T17:21:39","modified_gmt":"2024-10-28T15:21:39","slug":"politica-de-cookies","status":"publish","type":"page","link":"https:\/\/idea.abacus.coop\/es\/politica-de-cookies\/","title":{"rendered":"Pol\u00edtica de cookies"},"content":{"rendered":"\t\t<div data-elementor-type=\"wp-page\" data-elementor-id=\"7910\" class=\"elementor elementor-7910 elementor-2257\" data-elementor-post-type=\"page\">\n\t\t\t\t\t\t<section class=\"elementor-section elementor-top-section elementor-element elementor-element-36cdf53 elementor-section-boxed elementor-section-height-default elementor-section-height-default\" data-id=\"36cdf53\" data-element_type=\"section\" data-e-type=\"section\">\n\t\t\t\t\t\t<div class=\"elementor-container elementor-column-gap-default\">\n\t\t\t\t\t<div class=\"elementor-column elementor-col-100 elementor-top-column elementor-element elementor-element-7e93bfbf\" data-id=\"7e93bfbf\" data-element_type=\"column\" data-e-type=\"column\">\n\t\t\t<div class=\"elementor-widget-wrap elementor-element-populated\">\n\t\t\t\t\t\t<div class=\"elementor-element elementor-element-2526ce7c elementor-widget elementor-widget-text-editor\" data-id=\"2526ce7c\" data-element_type=\"widget\" data-e-type=\"widget\" data-widget_type=\"text-editor.default\">\n\t\t\t\t<div class=\"elementor-widget-container\">\n\t\t\t\t\t\t\t\t\t<div class=\"block\">\n<h3 class=\"block-title\">Qu\u00e9 informaci\u00f3n pedimos<\/h3>\n<p class=\"block-text\">Podemos recopilar la siguiente informaci\u00f3n:<\/p>\n\n<ul class=\"list\">\n \t<li>Nombre<\/li>\n \t<li>Informaci\u00f3n de contacto, incluida la direcci\u00f3n de correo electr\u00f3nico<\/li>\n \t<li>Informaci\u00f3n demogr\u00e1fica como c\u00f3digo postal, preferencias e intereses<\/li>\n \t<li>Otra informaci\u00f3n perteneciente a encuestas\/ofertas<\/li>\n<\/ul>\n<p class=\"block-text\">La lista exhaustiva de las cookies que recopilamos la podr\u00e1s encontrar en esta secci\u00f3n.<\/p>\n&nbsp;\n\n<\/div>\n<div class=\"block\">\n<h3 class=\"block-title\">Qu\u00e9 hacemos con la informaci\u00f3n que recopilamos<\/h3>\n<p class=\"block-text\">Recogemos esta informaci\u00f3n para entender tus necesidades y ofrecerte un mejor servicio, y en particular por las siguientes razones:<\/p>\n\n<ul class=\"list\">\n \t<li>Mantenimiento de registros internos.<\/li>\n \t<li>Podemos utilizar la informaci\u00f3n para mejorar nuestros productos y servicios.<\/li>\n \t<li>Podemos enviar correos electr\u00f3nicos promocionales sobre nuevos productos, ofertas especiales u otra informaci\u00f3n que pensamos que puede resultar interesante que recibas a trav\u00e9s del correo electr\u00f3nico que nos proporcionaste.<\/li>\n \t<li>De vez en cuando, tambi\u00e9n podemos utilizar tu informaci\u00f3n para comunicarnos contigo para fines de investigaci\u00f3n de mercado. Podemos ponernos en contacto contigo por correo electr\u00f3nico, tel\u00e9fono, fax o correo, y utilizar la informaci\u00f3n para personalizar el sitio web de acuerdo a tus intereses. <\/li>\n<\/ul>\n&nbsp;\n\n<\/div>\n<div class=\"block\">\n<h3 class=\"block-title\">Seguridad<\/h3>\n<p class=\"block-text\">Nuestro compromiso es asegurar que tu informaci\u00f3n est\u00e9 a buen recaudo. Con el fin de evitar el acceso no autorizado o la divulgaci\u00f3n, hemos puesto en marcha procedimientos f\u00edsicos, electr\u00f3nicos y administrativos apropiados para salvaguardar y mantener la plena seguridad de la informaci\u00f3n que recopilamos online. <\/p>\n&nbsp;\n\n<\/div>\n<div class=\"block\">\n<h3 class=\"block-title\">C\u00f3mo utilizamos las cookies<\/h3>\n<p class=\"block-text\">Una cookie es un peque\u00f1o archivo que pide permiso para ser colocado en el disco duro de tu ordenador. Una vez hayas dado tu visto bueno, el archivo se a\u00f1ade y la cookie ayuda a analizar el tr\u00e1fico web o permite saber cu\u00e1ndo visitas un sitio en particular. Las cookies permiten que la web te responda como individuo, as\u00ed como adaptar sus operaciones a tus necesidades y gustos, recordando la informaci\u00f3n sobre tus preferencias.  <\/p>\n<p class=\"block-text\">Utilizamos cookies de registro de tr\u00e1fico para identificar qu\u00e9 p\u00e1ginas se est\u00e1n utilizando. Esto nos ayuda a analizar datos sobre el tr\u00e1fico de la p\u00e1gina web ya mejorar nuestro sitio web para adaptarlo a las necesidades del cliente. S\u00f3lo utilizamos esta informaci\u00f3n para fines de an\u00e1lisis estad\u00edstico. Luego los datos se eliminan del sistema.   <\/p>\n<p class=\"block-text\">La aplicaci\u00f3n que utilizamos para obtener y analizar la informaci\u00f3n de la navegaci\u00f3n es: Google Analytics (www.google.com\/analytics).<\/p>\n<p class=\"block-text\">Esta aplicaci\u00f3n ha sido desarrollada por Google que nos presta el servicio de an\u00e1lisis de la audiencia de nuestra p\u00e1gina. Esta empresa puede utilizar estos datos para mejorar sus propios servicios y ofrecer servicios a otras empresas. Estos otros usos est\u00e1n disponibles en el enlace www.google.com\/analytics.  <\/p>\n<p class=\"block-text\">Esta herramienta no obtiene datos de los nombres o apellidos de los usuarios ni de la direcci\u00f3n postal desde la que se conectan. La informaci\u00f3n que obtiene est\u00e1 relacionada, por ejemplo, con el n\u00famero de p\u00e1ginas vistas, el idioma, la red social en la que se publican nuestras noticias, la ciudad a la que est\u00e1 asignada la direcci\u00f3n IP desde donde acceden usuarios, el n\u00famero de usuarios que nos visitan, la frecuencia y reincidencia de las visitas, el tiempo de visita, el navegador que utilizan, el operador o el tipo de terminal desde el que se realiza la visita. <\/p>\n<p class=\"block-text\">En esta web utilizamos la funci\u00f3n de remarketing para recabar informaci\u00f3n sobre la navegaci\u00f3n y poder ofrecer publicidad sobre nuestros productos\/servicios por los que estabas interesado. Igualmente, te podremos enviar publicidad sobre nuestros productos\/servicios cuando visites otros sitios de la red de Display de Google. <\/p>\n<p class=\"block-text\">Utilizamos Mailchimp para la recogida y an\u00e1lisis de datos sobre la informaci\u00f3n de navegaci\u00f3n. (http:\/\/www.mailchimp.com\/legal\/privacy\/) Esta informaci\u00f3n la utilizamos para mejorar nuestra p\u00e1gina, detectar nuevas necesidades y valorar las mejoras que deber\u00eda introducirse con el fin de ofrecer un mejor servicio a los usuarios que nos visitan. <\/p>\n<p class=\"block-text\">Por lo general, las cookies nos ayudan a ofrecerte un mejor sitio web, por lo que nos ayuda a encontrar aquellas p\u00e1ginas que encuentra \u00fatiles. Una cookie en modo alguno nos da acceso a tu ordenador oa cualquier informaci\u00f3n personal tuya, excepto los datos que decidas compartir con nosotros. Puedes elegir entre Aceptar o Rechazar cookies. La mayor\u00eda de los navegadores web aceptan cookies autom\u00e1ticamente, pero puedes modificar la configuraci\u00f3n del navegador para rechazar cookies si lo prefieres.   <\/p>\n<p class=\"block-text\">Para darte un buen servicio puede que pidamos a terceros soportes t\u00e9cnicos que impliquen acceso a datos de navegaci\u00f3n en el marco de contratos de tratamiento de datos. Al aceptar esta pol\u00edtica de cookies debes saber que alguno de estos terceros puede estar en un pa\u00eds fuera del espacio Econ\u00f3mico Europeo o que ofrezca controles m\u00e1s leves sobre el tratamiento de datos que nuestro ordenamiento. Tienes que saber que exigimos a nuestros proveedores de tratamiento de datos satisfacer las garant\u00edas que exige la normativa vigente.  <\/p>\n&nbsp;\n\n<\/div>\n<div class=\"block\">\n<h3 class=\"block-title\">Enlaces a otros sitios web<\/h3>\n<p class=\"block-text\">Nuestro sitio web puede contener enlaces a otros sitios de inter\u00e9s. Sin embargo, una vez hayas utilizado estos enlaces para salir de nuestro sitio, debes tener en cuenta que no tenemos ning\u00fan control sobre ese otro sitio web. Por tanto, no podemos ser responsables de la protecci\u00f3n y privacidad de cualquier informaci\u00f3n que proporciones al visitar estos sitios, que no se rigen por esta pol\u00edtica de privacidad. Es recomendable tener cuidado y leer la pol\u00edtica de privacidad aplicable al sitio web en cuesti\u00f3n.   <\/p>\n&nbsp;\n\n<\/div>\n<div class=\"block\">\n<h3 class=\"block-title\">El control de la informaci\u00f3n personal<\/h3>\n<p class=\"block-text\">Puedes optar por restringir la recopilaci\u00f3n o el uso de tu informaci\u00f3n personal de las siguientes maneras:<\/p>\n<p class=\"block-text\">Cuando se te pide que rellenes un formulario en el sitio web, busca la casilla \u00abSuscr\u00edbete al bolet\u00edn\u00bb y d\u00e9jala sin marcar, para indicar que no deseas que la informaci\u00f3n pueda ser utilizada con fines de marketing directo.<\/p>\n<p class=\"block-text\">Si previamente has acordado con nosotros permitir el uso de tu informaci\u00f3n personal para fines de marketing directo, puedes cambiar de opini\u00f3n en cualquier momento solicit\u00e1ndolo por correo electr\u00f3nico a <a href=\"mailto:protecciodedades@abacus.coop\"><i>protecciodedades@abacus.coop<\/i><\/a>.<\/p>\n<p class=\"block-text\">No venderemos, distribuiremos o cederemos tu informaci\u00f3n personal a terceros, salvo que tengamos tu permiso o estemos obligados por ley a hacerlo. Podemos utilizar tu informaci\u00f3n personal para enviarte informaci\u00f3n promocional sobre terceros que creemos que puede ser de tu inter\u00e9s. <\/p>\n<p class=\"block-text\">Si crees que cualquier informaci\u00f3n que tenemos sobre ti es incorrecta o incompleta, puedes escribirnos un correo electr\u00f3nico a <i><a href=\"mailto:protecciodedades@abacus.coop\">protecciodedades@abacus.coop <\/a><\/i>tan pronto como sea posible. Con la m\u00e1xima celeridad se corregir\u00e1 cualquier informaci\u00f3n incorrecta. <\/p>\n\n<\/div>\n&nbsp;\n<h3 class=\"block-title\">Lista de las Cookies que recopilamos<\/h3>\n<p class=\"block-text\">La siguiente tabla muestra las cookies que recogemos y qu\u00e9 informaci\u00f3n almacenan:<\/p>\n\n\n<hr>\n\n&nbsp;\n\n&nbsp;\n<h3 class=\"block-title\">Gesti\u00f3n de Cookies<\/h3>\n<p class=\"block-text\"><b>Puede encontrar informaci\u00f3n sobre c\u00f3mo cambiar la configuraci\u00f3n de las cookies de su navegador aqu\u00ed:<\/b><\/p>\n<p class=\"block-text\">Teniendo en cuenta la informaci\u00f3n facilitada a trav\u00e9s de esta Pol\u00edtica de cookies, a continuaci\u00f3n le ofrecemos informaci\u00f3n sobre c\u00f3mo puede llevar a cabo la gesti\u00f3n de las cookies utilizadas por Abacus cooperativa a trav\u00e9s de las diferentes opciones que ofrecen los navegadores m\u00e1s comunes (Explorer, Firefox, Chrome y Safari). Si se impide la instalaci\u00f3n de todas las cookies de la p\u00e1gina web, algunas funcionalidades de la misma, as\u00ed como algunos contenidos pueden verse afectados. <\/p>\n<p class=\"block-text\"><b>C\u00f3mo visualizar las cookies<\/b><\/p>\n<p class=\"block-text\">Todos los navegadores ofrecen al usuario la posibilidad de buscar y visualizar las cookies que instalan un determinado sitio web, obtener informaci\u00f3n relativa a la duraci\u00f3n de las mismas y la posibilidad de eliminarlas, tal y como se indica en el siguiente apartado. A continuaci\u00f3n, se muestran una serie de enlaces informativos al respecto, en base a los navegadores m\u00e1s utilizados: <\/p>\n\n<ul class=\"list\">\n \t<li><a href=\"https:\/\/support.google.com\/chrome\/answer\/95647?hl=es\" target=\"_blank\" rel=\"noopener noreferrer\"><i>Google Chrome<\/i><\/a><\/li>\n \t<li><a href=\"https:\/\/support.mozilla.org\/es\/kb\/Borrar%20cookies\" target=\"_blank\" rel=\"noopener noreferrer\"><i>Mozila Firefox<\/i><\/a><\/li>\n \t<li><a href=\"https:\/\/support.microsoft.com\/es-es\/help\/17442\/windows-internet-explorer-delete-manage-cookies\" target=\"_blank\" rel=\"noopener noreferrer\"><i>Internet Explorer<\/i><\/a><\/li>\n \t<li><a href=\"https:\/\/support.apple.com\/kb\/PH21411?locale=es_ES\" target=\"_blank\" rel=\"noopener noreferrer\"><i>Safari<\/i><\/a><\/li>\n<\/ul>\n<p class=\"block-text\"><b>C\u00f3mo desactivar o eliminar las cookies<\/b><\/p>\n<p class=\"block-text\">Para desactivar, restringir, bloquear o eliminar las cookies, el usuario deber\u00e1 modificar la configuraci\u00f3n del navegador que utilice en su terminal, ya sea ordenador, smartphone o tablet. Con car\u00e1cter general, los navegadores ofrecen las siguientes opciones de configuraci\u00f3n en relaci\u00f3n a la instalaci\u00f3n de cookies: <\/p>\n\n<ul class=\"list\">\n \t<li>Que el navegador rechace todas las cookies, y por tanto, que no se instale ninguna cookie de ninguna p\u00e1gina web en su terminal.<\/li>\n \t<li>Que el navegador le avise antes de que se produzca la instalaci\u00f3n de la cookie para que usted decida si acepta o no la instalaci\u00f3n de la misma.<\/li>\n \t<li>Que el navegador \u00fanicamente rechace las cookies de terceros de los sitios web que visita, pero no las utilizadas por el sitio web por lo que usted navega.<\/li>\n \t<li>La opci\u00f3n de navegaci\u00f3n en modo privado mediante la cual, las cookies se instalan en el terminal, pero se elimina de forma autom\u00e1tica cuando finaliza la navegaci\u00f3n por la p\u00e1gina web:<\/li>\n<\/ul>\n<ul class=\"list\">\n \t<li><a href=\"https:\/\/support.google.com\/chrome\/answer\/95464?hl=es\" target=\"_blank\" rel=\"noopener noreferrer\"><i>Google Chrome<\/i><\/a><\/li>\n \t<li><a href=\"https:\/\/support.mozilla.org\/es\/kb\/navegacion-privada-navega-en-la-web-sin-guardar-in\" target=\"_blank\" rel=\"noopener noreferrer\"><i>Mozila Firefox<\/i><\/a><\/li>\n \t<li><a href=\"https:\/\/support.microsoft.com\/es-es\/help\/4026200\/microsoft-edge-browse-inprivate\" target=\"_blank\" rel=\"noopener noreferrer\"><i>Internet Explorer<\/i><\/a><\/li>\n \t<li><a href=\"https:\/\/support.apple.com\/es-es\/guide\/safari\/ibrw1069\/mac\" target=\"_blank\" rel=\"noopener noreferrer\"><i>Safari<\/i><\/a><\/li>\n<\/ul>\n<p class=\"block-text\"><b>La \u00faltima versi\u00f3n de la pol\u00edtica de privacidad se actualiz\u00f3 el 24 de mayo de 2018<\/b><\/p>\n&nbsp;\t\t\t\t\t\t\t\t<\/div>\n\t\t\t\t<\/div>\n\t\t\t\t\t<\/div>\n\t\t<\/div>\n\t\t\t\t\t<\/div>\n\t\t<\/section>\n\t\t\t\t<\/div>\n\t\t","protected":false},"excerpt":{"rendered":"<p>Qu\u00e9 informaci\u00f3n pedimos Podemos recopilar la siguiente informaci\u00f3n: Nombre Informaci\u00f3n de contacto, incluida la direcci\u00f3n de correo electr\u00f3nico Informaci\u00f3n demogr\u00e1fica como c\u00f3digo postal, preferencias e intereses Otra informaci\u00f3n perteneciente a encuestas\/ofertas La lista exhaustiva de las cookies que recopilamos la podr\u00e1s encontrar en esta secci\u00f3n. &nbsp; Qu\u00e9 hacemos con la informaci\u00f3n que recopilamos Recogemos esta [&hellip;]<\/p>\n","protected":false},"author":1,"featured_media":0,"parent":0,"menu_order":6,"comment_status":"closed","ping_status":"closed","template":"","meta":{"footnotes":""},"class_list":["post-7910","page","type-page","status-publish","hentry"],"acf":[],"yoast_head":"<!-- This site is optimized with the Yoast SEO plugin v27.3 - https:\/\/yoast.com\/product\/yoast-seo-wordpress\/ -->\n<title>Pol\u00edtica de cookies - Abacus idea<\/title>\n<meta name=\"robots\" content=\"index, follow, max-snippet:-1, max-image-preview:large, max-video-preview:-1\" \/>\n<link rel=\"canonical\" href=\"https:\/\/idea.abacus.coop\/es\/politica-de-cookies\/\" \/>\n<meta property=\"og:locale\" content=\"es_ES\" \/>\n<meta property=\"og:type\" content=\"article\" \/>\n<meta property=\"og:title\" content=\"Pol\u00edtica de cookies - Abacus idea\" \/>\n<meta property=\"og:description\" content=\"Qu\u00e9 informaci\u00f3n pedimos Podemos recopilar la siguiente informaci\u00f3n: Nombre Informaci\u00f3n de contacto, incluida la direcci\u00f3n de correo electr\u00f3nico Informaci\u00f3n demogr\u00e1fica como c\u00f3digo postal, preferencias e intereses Otra informaci\u00f3n perteneciente a encuestas\/ofertas La lista exhaustiva de las cookies que recopilamos la podr\u00e1s encontrar en esta secci\u00f3n. &nbsp; Qu\u00e9 hacemos con la informaci\u00f3n que recopilamos Recogemos esta [&hellip;]\" \/>\n<meta property=\"og:url\" content=\"https:\/\/idea.abacus.coop\/es\/politica-de-cookies\/\" \/>\n<meta property=\"og:site_name\" content=\"Abacus idea\" \/>\n<meta property=\"article:publisher\" content=\"https:\/\/facebook.com\/abacusidea\" \/>\n<meta property=\"article:modified_time\" content=\"2024-10-28T15:21:39+00:00\" \/>\n<meta name=\"twitter:card\" content=\"summary_large_image\" \/>\n<meta name=\"twitter:site\" content=\"@abacusidea\" \/>\n<meta name=\"twitter:label1\" content=\"Tiempo de lectura\" \/>\n\t<meta name=\"twitter:data1\" content=\"8 minutos\" \/>\n<script type=\"application\/ld+json\" class=\"yoast-schema-graph\">{\"@context\":\"https:\\\/\\\/schema.org\",\"@graph\":[{\"@type\":\"WebPage\",\"@id\":\"https:\\\/\\\/idea.abacus.coop\\\/es\\\/politica-de-cookies\\\/\",\"url\":\"https:\\\/\\\/idea.abacus.coop\\\/es\\\/politica-de-cookies\\\/\",\"name\":\"Pol\u00edtica de cookies - Abacus idea\",\"isPartOf\":{\"@id\":\"https:\\\/\\\/idea.abacus.coop\\\/es\\\/#website\"},\"datePublished\":\"2023-04-03T11:04:41+00:00\",\"dateModified\":\"2024-10-28T15:21:39+00:00\",\"breadcrumb\":{\"@id\":\"https:\\\/\\\/idea.abacus.coop\\\/es\\\/politica-de-cookies\\\/#breadcrumb\"},\"inLanguage\":\"es\",\"potentialAction\":[{\"@type\":\"ReadAction\",\"target\":[\"https:\\\/\\\/idea.abacus.coop\\\/es\\\/politica-de-cookies\\\/\"]}]},{\"@type\":\"BreadcrumbList\",\"@id\":\"https:\\\/\\\/idea.abacus.coop\\\/es\\\/politica-de-cookies\\\/#breadcrumb\",\"itemListElement\":[{\"@type\":\"ListItem\",\"position\":1,\"name\":\"Inici\",\"item\":\"https:\\\/\\\/idea.abacus.coop\\\/es\\\/\"},{\"@type\":\"ListItem\",\"position\":2,\"name\":\"Pol\u00edtica de cookies\"}]},{\"@type\":\"WebSite\",\"@id\":\"https:\\\/\\\/idea.abacus.coop\\\/es\\\/#website\",\"url\":\"https:\\\/\\\/idea.abacus.coop\\\/es\\\/\",\"name\":\"Abacus idea\",\"description\":\"Expliquem hist\u00f2ries\",\"publisher\":{\"@id\":\"https:\\\/\\\/idea.abacus.coop\\\/es\\\/#organization\"},\"potentialAction\":[{\"@type\":\"SearchAction\",\"target\":{\"@type\":\"EntryPoint\",\"urlTemplate\":\"https:\\\/\\\/idea.abacus.coop\\\/es\\\/?s={search_term_string}\"},\"query-input\":{\"@type\":\"PropertyValueSpecification\",\"valueRequired\":true,\"valueName\":\"search_term_string\"}}],\"inLanguage\":\"es\"},{\"@type\":\"Organization\",\"@id\":\"https:\\\/\\\/idea.abacus.coop\\\/es\\\/#organization\",\"name\":\"Abacus idea\",\"url\":\"https:\\\/\\\/idea.abacus.coop\\\/es\\\/\",\"logo\":{\"@type\":\"ImageObject\",\"inLanguage\":\"es\",\"@id\":\"https:\\\/\\\/idea.abacus.coop\\\/es\\\/#\\\/schema\\\/logo\\\/image\\\/\",\"url\":\"https:\\\/\\\/idea.abacus.coop\\\/wp-content\\\/uploads\\\/2023\\\/02\\\/Abacusidea.svg\",\"contentUrl\":\"https:\\\/\\\/idea.abacus.coop\\\/wp-content\\\/uploads\\\/2023\\\/02\\\/Abacusidea.svg\",\"width\":210,\"height\":28,\"caption\":\"Abacus idea\"},\"image\":{\"@id\":\"https:\\\/\\\/idea.abacus.coop\\\/es\\\/#\\\/schema\\\/logo\\\/image\\\/\"},\"sameAs\":[\"https:\\\/\\\/facebook.com\\\/abacusidea\",\"https:\\\/\\\/x.com\\\/abacusidea\",\"https:\\\/\\\/www.instagram.com\\\/abacus.idea\\\/\",\"https:\\\/\\\/www.youtube.com\\\/@abacusidea\",\"https:\\\/\\\/www.tiktok.com\\\/@abacusidea\",\"https:\\\/\\\/vimeo.com\\\/abacusidea\"]}]}<\/script>\n<!-- \/ Yoast SEO plugin. -->","yoast_head_json":{"title":"Pol\u00edtica de cookies - Abacus idea","robots":{"index":"index","follow":"follow","max-snippet":"max-snippet:-1","max-image-preview":"max-image-preview:large","max-video-preview":"max-video-preview:-1"},"canonical":"https:\/\/idea.abacus.coop\/es\/politica-de-cookies\/","og_locale":"es_ES","og_type":"article","og_title":"Pol\u00edtica de cookies - Abacus idea","og_description":"Qu\u00e9 informaci\u00f3n pedimos Podemos recopilar la siguiente informaci\u00f3n: Nombre Informaci\u00f3n de contacto, incluida la direcci\u00f3n de correo electr\u00f3nico Informaci\u00f3n demogr\u00e1fica como c\u00f3digo postal, preferencias e intereses Otra informaci\u00f3n perteneciente a encuestas\/ofertas La lista exhaustiva de las cookies que recopilamos la podr\u00e1s encontrar en esta secci\u00f3n. &nbsp; Qu\u00e9 hacemos con la informaci\u00f3n que recopilamos Recogemos esta [&hellip;]","og_url":"https:\/\/idea.abacus.coop\/es\/politica-de-cookies\/","og_site_name":"Abacus idea","article_publisher":"https:\/\/facebook.com\/abacusidea","article_modified_time":"2024-10-28T15:21:39+00:00","twitter_card":"summary_large_image","twitter_site":"@abacusidea","twitter_misc":{"Tiempo de lectura":"8 minutos"},"schema":{"@context":"https:\/\/schema.org","@graph":[{"@type":"WebPage","@id":"https:\/\/idea.abacus.coop\/es\/politica-de-cookies\/","url":"https:\/\/idea.abacus.coop\/es\/politica-de-cookies\/","name":"Pol\u00edtica de cookies - Abacus idea","isPartOf":{"@id":"https:\/\/idea.abacus.coop\/es\/#website"},"datePublished":"2023-04-03T11:04:41+00:00","dateModified":"2024-10-28T15:21:39+00:00","breadcrumb":{"@id":"https:\/\/idea.abacus.coop\/es\/politica-de-cookies\/#breadcrumb"},"inLanguage":"es","potentialAction":[{"@type":"ReadAction","target":["https:\/\/idea.abacus.coop\/es\/politica-de-cookies\/"]}]},{"@type":"BreadcrumbList","@id":"https:\/\/idea.abacus.coop\/es\/politica-de-cookies\/#breadcrumb","itemListElement":[{"@type":"ListItem","position":1,"name":"Inici","item":"https:\/\/idea.abacus.coop\/es\/"},{"@type":"ListItem","position":2,"name":"Pol\u00edtica de cookies"}]},{"@type":"WebSite","@id":"https:\/\/idea.abacus.coop\/es\/#website","url":"https:\/\/idea.abacus.coop\/es\/","name":"Abacus idea","description":"Expliquem hist\u00f2ries","publisher":{"@id":"https:\/\/idea.abacus.coop\/es\/#organization"},"potentialAction":[{"@type":"SearchAction","target":{"@type":"EntryPoint","urlTemplate":"https:\/\/idea.abacus.coop\/es\/?s={search_term_string}"},"query-input":{"@type":"PropertyValueSpecification","valueRequired":true,"valueName":"search_term_string"}}],"inLanguage":"es"},{"@type":"Organization","@id":"https:\/\/idea.abacus.coop\/es\/#organization","name":"Abacus idea","url":"https:\/\/idea.abacus.coop\/es\/","logo":{"@type":"ImageObject","inLanguage":"es","@id":"https:\/\/idea.abacus.coop\/es\/#\/schema\/logo\/image\/","url":"https:\/\/idea.abacus.coop\/wp-content\/uploads\/2023\/02\/Abacusidea.svg","contentUrl":"https:\/\/idea.abacus.coop\/wp-content\/uploads\/2023\/02\/Abacusidea.svg","width":210,"height":28,"caption":"Abacus idea"},"image":{"@id":"https:\/\/idea.abacus.coop\/es\/#\/schema\/logo\/image\/"},"sameAs":["https:\/\/facebook.com\/abacusidea","https:\/\/x.com\/abacusidea","https:\/\/www.instagram.com\/abacus.idea\/","https:\/\/www.youtube.com\/@abacusidea","https:\/\/www.tiktok.com\/@abacusidea","https:\/\/vimeo.com\/abacusidea"]}]}},"_links":{"self":[{"href":"https:\/\/idea.abacus.coop\/es\/wp-json\/wp\/v2\/pages\/7910","targetHints":{"allow":["GET"]}}],"collection":[{"href":"https:\/\/idea.abacus.coop\/es\/wp-json\/wp\/v2\/pages"}],"about":[{"href":"https:\/\/idea.abacus.coop\/es\/wp-json\/wp\/v2\/types\/page"}],"author":[{"embeddable":true,"href":"https:\/\/idea.abacus.coop\/es\/wp-json\/wp\/v2\/users\/1"}],"replies":[{"embeddable":true,"href":"https:\/\/idea.abacus.coop\/es\/wp-json\/wp\/v2\/comments?post=7910"}],"version-history":[{"count":2,"href":"https:\/\/idea.abacus.coop\/es\/wp-json\/wp\/v2\/pages\/7910\/revisions"}],"predecessor-version":[{"id":7916,"href":"https:\/\/idea.abacus.coop\/es\/wp-json\/wp\/v2\/pages\/7910\/revisions\/7916"}],"wp:attachment":[{"href":"https:\/\/idea.abacus.coop\/es\/wp-json\/wp\/v2\/media?parent=7910"}],"curies":[{"name":"wp","href":"https:\/\/api.w.org\/{rel}","templated":true}]}}